{"id":3693,"date":"2015-12-29T13:27:38","date_gmt":"2015-12-29T13:27:38","guid":{"rendered":"http:\/\/www.stoagallery.com\/?page_id=3693&#038;lang=en"},"modified":"2018-07-17T17:34:19","modified_gmt":"2018-07-17T17:34:19","slug":"juan-manuel-alvarez-cebrian","status":"publish","type":"page","link":"https:\/\/www.stoagallery.com\/en\/juan-manuel-alvarez-cebrian\/","title":{"rendered":"Juan Manuel Alvarez Cebrian"},"content":{"rendered":"<div class=\"wpb-content-wrapper\"><div class=\"vc_row wpb_row section vc_row-fluid \" style=' text-align:left;'><div class=\" full_section_inner clearfix\"><div class=\"wpb_column vc_column_container vc_col-sm-12\"><div class=\"vc_column-inner\"><div class=\"wpb_wrapper\">\n\t<div class=\"wpb_text_column wpb_content_element \">\n\t\t<div class=\"wpb_wrapper\">\n\t\t\t<h1>JUAN MANUEL ALVAREZ CEBRIAN<\/h1>\n<h1 id=\"link64_adl_tabid\" style=\"display: none;\" data-url=\"http:\/\/www.stoagallery.com\/wp-admin\/post-new.php?lang=en&amp;post_type=page&amp;trid=1811&amp;source_lang=es\">JUAN MANUEL \u00c1LVAREZ C38<\/h1>\n\n\t\t<\/div> \n\t<\/div> \t<div class=\"vc_empty_space\"  style=\"height: 20px\" ><span\n\t\t\tclass=\"vc_empty_space_inner\">\n\t\t\t<span class=\"empty_space_image\"  ><\/span>\n\t\t<\/span><\/div>\n\n<\/div><\/div><\/div><\/div><\/div><div      class=\"vc_row wpb_row section vc_row-fluid \" style=' text-align:left;'><div class=\" full_section_inner clearfix\"><div class=\"wpb_column vc_column_container vc_col-sm-3\"><div class=\"vc_column-inner\"><div class=\"wpb_wrapper\">\n\t<div class=\"wpb_single_image wpb_content_element vc_align_left  vc_custom_1437852084987\">\n\t\t<div class=\"wpb_wrapper\">\n\t\t\t\n\t\t\t<div class=\"vc_single_image-wrapper vc_box_shadow_border  vc_box_border_grey\"><img fetchpriority=\"high\" decoding=\"async\" width=\"254\" height=\"300\" src=\"https:\/\/www.stoagallery.com\/wp-content\/uploads\/2015\/07\/JUAN-MANUEL-ALVAREZ-CEBRIAN-254x300.jpg\" class=\"vc_single_image-img attachment-medium\" alt=\"\" title=\"JUAN-MANUEL-ALVAREZ-CEBRIAN\" srcset=\"https:\/\/www.stoagallery.com\/wp-content\/uploads\/2015\/07\/JUAN-MANUEL-ALVAREZ-CEBRIAN-254x300.jpg 254w, https:\/\/www.stoagallery.com\/wp-content\/uploads\/2015\/07\/JUAN-MANUEL-ALVAREZ-CEBRIAN-867x1024.jpg 867w, https:\/\/www.stoagallery.com\/wp-content\/uploads\/2015\/07\/JUAN-MANUEL-ALVAREZ-CEBRIAN-700x827.jpg 700w, https:\/\/www.stoagallery.com\/wp-content\/uploads\/2015\/07\/JUAN-MANUEL-ALVAREZ-CEBRIAN.jpg 1626w\" sizes=\"(max-width: 254px) 100vw, 254px\" \/><\/div>\n\t\t<\/div>\n\t<\/div>\n<\/div><\/div><\/div><div class=\"wpb_column vc_column_container vc_col-sm-9\"><div class=\"vc_column-inner\"><div class=\"wpb_wrapper\">\n\t<div class=\"q_accordion_holder clearfix wpb_content_element accordion without_icon  not-column-inherit\" data-active-tab=\"\" data-collapsible=\"no\" data-border-radius=\"\">\n\t\t\t\n\t\t\t\t<h6 class=\"clearfix title-holder\" style=\"color: #020202;\"><span class=\"accordion_mark left_mark\"><span class=\"accordion_mark_icon\"><\/span><\/span><span class=\"tab-title\">ABOUT JUAN MANUEL<\/span><span class=\"accordion_mark right_mark\"><span class=\"accordion_mark_icon\"><\/span><\/span><\/h6>\n\t\t\t\t<div  class=\"accordion_content no_icon\">\n\t\t\t<div class=\"accordion_content_inner\">\n\t\t\t\t\n\t<div class=\"wpb_text_column wpb_content_element  fina\">\n\t\t<div class=\"wpb_wrapper\">\n\t\t\t<p class=\"Estilo90\" align=\"justify\">He is a painter with\u00a0a wide experience in the\u00a0market of the art and several prizes and awards.<\/p>\n<p class=\"Estilo90\" align=\"justify\">He is a prolific, disciplined and indefatigable\u00a0worker. His muse knows that he is always prepared, willing to hear her whisper. He is a lover of painting above all, his work\u00a0reflects real near worlds. His diversity of styles varies from hyperrealism and surrealism to the symbolism, with a hint of Pop Art. His\u00a0thematic is\u00a0also wide: from the\u00a0everyday-life\u00a0viewed from his personal point of view\u00a0of several\u00a0still lifes paintings, passing to the\u00a0reviewed classic mythology but checked and updated. The oneiric world appears in his kind painting&#8230;.with great ideal dreams as background but\u00a0difficult to be reached. He loves and\u00a0plays with the symbols: beautiful signs\u00a0and codes. His apparently simple landscapes contain worrying insinuations, and his self-portraits reveal a fascinating personality. The final balance: in his work, there is always an optimistic beat, a\u00a0positive vision of life.<\/p>\n<div id=\"link64_adl_tabid\" style=\"display: none;\" data-url=\"http:\/\/www.stoagallery.com\/wp-admin\/post.php?post=1894&amp;action=edit&amp;lang=es\">41<\/div>\n\n\t\t<\/div> \n\t<\/div> \n\t\t\t<\/div>\n\t\t\t\t<\/div>\n\n\t\t\t\t<h6 class=\"clearfix title-holder\" style=\"color: #000000;\"><span class=\"accordion_mark left_mark\"><span class=\"accordion_mark_icon\"><\/span><\/span><span class=\"tab-title\">CURRICULUM<\/span><span class=\"accordion_mark right_mark\"><span class=\"accordion_mark_icon\"><\/span><\/span><\/h6>\n\t\t\t\t<div  class=\"accordion_content no_icon\">\n\t\t\t<div class=\"accordion_content_inner\">\n\t\t\t\t\n\t<div class=\"wpb_text_column wpb_content_element  fina\">\n\t\t<div class=\"wpb_wrapper\">\n\t\t\t<p style=\"text-align: justify;\">SOLO EXHIBITIONS<\/p>\n<p>2013<br \/>\n? CC. Juan Prado, Valdemoro, Madrid.<br \/>\n2010<br \/>\n? Galer\u00eda Triart, Vigo.<br \/>\n2004<br \/>\n? Galer\u00eda Altea. Madrid.<br \/>\n? Casa de Cultura San Lorenzo de El Escorial, Madrid.<br \/>\n? El Sumiller de La Moraleja, Madrid.<br \/>\n1998<br \/>\n?Galer\u00eda Altea. Madrid.<br \/>\n1994<br \/>\n?Galer\u00eda Diez-Alcolado. Madrid.<br \/>\n?Palacio Benacaz\u00f3n. Toledo<br \/>\n1992<br \/>\n?Galer\u00eda Diez-Alcolado. Madrid.<br \/>\n1990<br \/>\n?Caja Postal. C\u00e1diz<\/p>\n<p style=\"text-align: justify;\">GROUP EXHIBITIONS AND AWARDS<\/p>\n<p>2015<br \/>\n?&#8221;About dreams and daydreams&#8221; in STOA Gallery. Curated by Conchi Alvarez<br \/>\n?&#8221;Variation in green&#8221; in STOA Gallery. Curated by Conchi Alvarez<br \/>\n2014<br \/>\n?&#8221;Variations in black&#8221; in STOA Gallery. Curated by Conchi Alvarez<br \/>\n? XVIII Concurso Pintura Ciudad de Antequera. M\u00e1laga. 5\u00ba Premio.<br \/>\n? 26 Certamen de Artes Pl\u00e1sticas Miguel Sandoval. Lora del Rio, Sevilla. Mencion Honor.<br \/>\n? XIV Concurso nacional de Pintura Villa de Sotillo de la Adrada. Madrid. Medalla Honor.<br \/>\n? 38 Certamen Nacional de Pintura Ciudad de Manzanares, Ciudad Real.<br \/>\n? XXXI Premio Nacional de Pintura Campo de Criptana, Ciudad Real.<br \/>\n? Premio de Pintura Laura Otero, Miajadas, C\u00e1ceres. Finalista.<br \/>\n2013<br \/>\n?&#8221;Any past time, was better?&#8221; in STOA Gallery. Curated by Conchi Alvarez<br \/>\n?&#8221;True values&#8221; in STOA Gallery. Curated by Conchi Alvarez<br \/>\n? VI Ruta de l\u2019art. Castell\u00f3 d\u2019Empuries. Girona.<br \/>\n? MaObject. Exposici\u00f3n Internacional. Maia, Porto. Portugal.<br \/>\n2012<br \/>\n? V Ruta de l\u2019Art. Castello d\u2019Empuries, Gerona.<br \/>\n? Seleccionado en Dibujo en \u00e9l XLIII Concurso de Pintura y Dibujo Antonio L\u00f3pez. Tomelloso. Ciudad Real.<br \/>\n? Trienal Exposici\u00f3n Internacional de Arte Gr\u00e1fico de Bitola. Macedonia<br \/>\n2011<br \/>\n?&#8221;Little masterpieces&#8221; in STOA Gallery. Curated by Conchi Alvarez<br \/>\n?&#8221;Landscapes&#8221; in STOA Gallery. Curated by Conchi Alvarez<br \/>\n? Seleccionado en el XV Certamen Internacional de Pintura Ciudad de Alc\u00e1zar. Ciudad Real.<br \/>\n2010<br \/>\n? Seleccionado Premio Ciudad de Alcal\u00e1 de Henares.<br \/>\n? Seleccionado en Dibujo en \u00e9l XLII Concurso de Pintura y Dibujo Antonio L\u00f3pez. Tomelloso. Ciudad Real.<br \/>\n? Seleccionado en la 71 Exposici\u00f3n Internacional de Artes Pl\u00e1sticas de Valdepe\u00f1as. Ciudad Real.<br \/>\n? Seleccionado en el XIV Certamen Internacional de Pintura Ciudad de Alc\u00e1zar. Ciudad Real.<br \/>\n2009<br \/>\n? Certamen de Pintura Villa de la Roda, Albacete.<br \/>\n? Premio de Dibujo de Guadalajara.<br \/>\n? Colectiva de Navidad \u201c20&#215;20\u201d, Galer\u00eda Este, Santander.<br \/>\n? Colectiva de Navidad galer\u00eda Paloma Sanz, Becerril de la Sierra, Madrid.<br \/>\n? Encuentros de Arte \u201cPintura y Fotograf\u00eda\u201d, Galer\u00eda Montsequi, Madrid.<br \/>\n2008<br \/>\n? V Certamen \u201cFrancisco Revelles\u201d de Dibujo y Grabado. Colmenar Viejo. Madrid<br \/>\n2007<br \/>\n? \u201cForms and Colours\u201d STOA Gallery. Estepona. M\u00e1laga<br \/>\n? Premio de Dibujo Ynglada-Guillot. Barcelona<br \/>\n2006<br \/>\n? &#8220;In the beginnings&#8221; Opening of the STOA Gallery. Estepona. M\u00e1laga.<br \/>\n2005<br \/>\n? Hospital de la Caridad. Sevilla.<br \/>\n? Feria de Arte de Ar\u00e9valo. \u00c1vila.<br \/>\n? Caja de Ahorros del Mediterr\u00e1neo. Benidorm. Alicante.<br \/>\n? Castillo del Rey. San Vicente de la Barquera. Cantabria.<br \/>\n2004<br \/>\n? Premio Provincia de Guadalajara de Dibujo.<br \/>\n2003<br \/>\n? Seleccionado en el Certamen Europeo de Pintura \u201cAntonio L\u00f3pez\u201d. Pinto. Madrid.<br \/>\n? Seleccionado en el XII Certamen Nacional de Pintura Villa de la Roda. Albacete.<br \/>\n? Seleccionado en el XXXV Concurso-Exposici\u00f3n de Pintura y Dibujo \u201dCiudad de Tomelloso\u201d. Ciudad Real.<br \/>\n? \u201cPentagrama art\u00edstico\u201d. Colectiva de Grabado. Galer\u00eda Maes. Madrid. Octubre.<br \/>\n? XI Estampa. Feria Internacional del Grabado. Noviembre.<br \/>\n? Premio Provincia de Guadalajara de Dibujo.<br \/>\n2002<br \/>\n? Seleccionado en el V Premio de Pintura Galer\u00eda de Arte Aitor Urdangarin. Vitoria.<br \/>\n2001<br \/>\n? EUROP-ART. Bolonia, Italia. Enero.<br \/>\n? XXXIII Premio de Dibujo y Pintura Antonio L\u00f3pez. Tomelloso. Ciudad Real.<br \/>\n? XVII Concurso de Pintura Excmo. Ayuntamiento de Guadarrama. Septiembre.<br \/>\n? Casa Batllo (Gaud\u00ed). Noviembre-Diciembre. Barcelona.<br \/>\n2000<br \/>\n? Galer\u00eda Hexalfa. Lisboa. Portugal.<br \/>\n1999<br \/>\n? 5 \u00ba Sal\u00f3n Internacional de Artistas Pl\u00e1sticos A\u2019ceas. (Barcelona)<br \/>\n? EXPOART 99. Muestra de Arte de Catalu\u00f1a. Barcelona. Galer\u00eda Altea, Madrid.<br \/>\n1998<br \/>\n? MAC 21. Muestra de Arte Contempor\u00e1neo. Marbella, M\u00e1laga. Galer\u00eda San Vicente<br \/>\n1997<br \/>\n? Arcale. Feria de Arte Contempor\u00e1neo. Castilla-Le\u00f3n. Galer\u00eda San Vicente.<br \/>\n? Peque\u00f1o formato, Galer\u00eda Nela Alberca, Madrid.<br \/>\n? XXIX Concurso-Exposici\u00f3n de pintura y dibujo Tomelloso. Ciudad Real.<br \/>\n? VIII Concurso de Pintura Santa Cruz de Valle. \u00c1vila.<br \/>\n1996<br \/>\n? XXVIII Concurso-Exposici\u00f3n de Pintura y Dibujo, Tomelloso. Ciudad Real. Seleccionado en las dos modalidades.<br \/>\n? Los Distintos puntos de vista del Realismo Espa\u00f1ol\u201d, Galer\u00eda San Vicente. Valencia.<br \/>\n? Realismo sobre Papel. Galer\u00eda Heller. Madrid.<br \/>\n? III Premio de Pintura Antonio Camu\u00f1as de Arquitectura. Madrid.<br \/>\n? Premio de Dibujo Antonio del Rinc\u00f3n. Guadalajara.<br \/>\n1995<br \/>\n? V Premio Tom\u00e1s Lu\u00eds de Victoria. Exposici\u00f3n itinerante Salamanca y B\u00e9jar.<br \/>\n? XIX Premio de pintura Ayuntamiento de Mora. Toledo.<br \/>\n? XXVII Concurso-Exposici\u00f3n de Pintura y Dibujo, Tomelloso. Ciudad Real. Seleccionado en las dos modalidades.<br \/>\n? IV Premio L\u00f3pez-Villase\u00f1or de Pintura. Ciudad Real.<br \/>\n1994<br \/>\n? V Premio de Pintura Bicentenario de la Villa de Santa Cruz del Valle. (\u00c1vila).<br \/>\n? Premio de Pintura Ciudad Rodrigo. Salamanca.<br \/>\n? XXIV Premio internacional de Pintura, Dibujo y Acuarela, Rafael Zabaleta Quesada. Ja\u00e9n.<br \/>\nSeleccionado en las tres modalidades.<br \/>\n? Premio de Pintura Ayuntamiento de Majadahonda. Madrid.<br \/>\n1993<br \/>\n? \u201cLa imaginaci\u00f3n al papel\u201d, Galer\u00eda Fontanar. Madrid.<br \/>\n? XI Premio Carlos Haes. Colegio de Ingenieros de Caminos Canales y Puertos. Madrid.<br \/>\n? II Premio de Pintura L\u00f3pez-Villase\u00f1or. Ciudad Real.<br \/>\n1992<br \/>\n? X Premio Carlos Haes. Colegio de Ingenieros de Caminos Canales y Puertos. Madrid<br \/>\n? XI Premio Penagos de Dibujo. Fundaci\u00f3n MAPFRE. Madrid.<br \/>\n? \u201cMaestros de la Figura\u201d. Galer\u00eda Diez-Alcolado. Madrid.<br \/>\n? Primer Sal\u00f3n de Oto\u00f1o. Colegio Oficial de Decoradores. Madrid.<br \/>\n1990<br \/>\n? XI Premio Blanco y Negro. Madrid.<br \/>\n1988<br \/>\n? Premio Ej\u00e9rcito. Madrid.<\/p>\n<div id=\"link64_adl_tabid\" style=\"display: none;\" data-url=\"http:\/\/www.stoagallery.com\/wp-admin\/post.php?post=1894&amp;action=edit&amp;lang=es\">45<\/div>\n\n\t\t<\/div> \n\t<\/div> \n\t\t\t<\/div>\n\t\t\t\t<\/div>\n\n\t\t\t\t<h6 class=\"clearfix title-holder\" style=\"color: #000000; background-color: #ffffff;\"><span class=\"accordion_mark left_mark\"><span class=\"accordion_mark_icon\"><\/span><\/span><span class=\"tab-title\">CATALOGS<\/span><span class=\"accordion_mark right_mark\"><span class=\"accordion_mark_icon\"><\/span><\/span><\/h6>\n\t\t\t\t<div  class=\"accordion_content no_icon\">\n\t\t\t<div class=\"accordion_content_inner\">\n\t\t\t\t<div      class=\"vc_row wpb_row section vc_row-fluid vc_inner \" style=' text-align:left;'><div class=\" full_section_inner clearfix\"><div class=\"wpb_column vc_column_container vc_col-sm-6\"><div class=\"vc_column-inner\"><div class=\"wpb_wrapper\">\n\t<div class=\"wpb_single_image wpb_content_element vc_align_center\">\n\t\t<div class=\"wpb_wrapper\">\n\t\t\t<h2 class=\"wpb_heading wpb_singleimage_heading\">EN LOS COMIENZOS...<\/h2>\n\t\t\t<a href=\"http:\/\/www.stoagallery.com\/wp-content\/uploads\/2015\/05\/EN-LOS-COMIENZOS.pdf\" target=\"_blank\"><div class=\"vc_single_image-wrapper vc_box_shadow_3d  vc_box_border_grey\"><span class=\"vc_box_shadow_3d_wrap\"><img decoding=\"async\" class=\"vc_single_image-img \" src=\"https:\/\/www.stoagallery.com\/wp-content\/uploads\/2015\/05\/Enloscomienzos.jpg\" width=\"150\" height=\"214\" alt=\"Enloscomienzos\" title=\"Enloscomienzos\" \/><\/span><\/div><\/a>\n\t\t<\/div>\n\t<\/div>\n<\/div><\/div><\/div><div class=\"wpb_column vc_column_container vc_col-sm-6\"><div class=\"vc_column-inner\"><div class=\"wpb_wrapper\">\n\t<div class=\"wpb_single_image wpb_content_element vc_align_center\">\n\t\t<div class=\"wpb_wrapper\">\n\t\t\t<h2 class=\"wpb_heading wpb_singleimage_heading\">...FORMAS, COLORES...<\/h2>\n\t\t\t<a href=\"http:\/\/www.stoagallery.com\/wp-content\/uploads\/2018\/07\/3-FORMAS-COLORES.pdf\" target=\"_blank\"><div class=\"vc_single_image-wrapper vc_box_shadow_3d  vc_box_border_grey\"><span class=\"vc_box_shadow_3d_wrap\"><img decoding=\"async\" class=\"vc_single_image-img \" src=\"https:\/\/www.stoagallery.com\/wp-content\/uploads\/2015\/05\/formas-y-colores.jpg\" width=\"150\" height=\"214\" alt=\"formas y colores\" title=\"formas y colores\" \/><\/span><\/div><\/a>\n\t\t<\/div>\n\t<\/div>\n<\/div><\/div><\/div><\/div><\/div>\n\t\t\t<\/div>\n\t\t\t\t<\/div>\n\n\t<\/div> <\/div><\/div><\/div><\/div><\/div><div      class=\"vc_row wpb_row section vc_row-fluid \" style=' text-align:left;'><div class=\" full_section_inner clearfix\"><div class=\"wpb_column vc_column_container vc_col-sm-12\"><div class=\"vc_column-inner\"><div class=\"wpb_wrapper\">\t<div class=\"vc_empty_space\"  style=\"height: 50px\" ><span\n\t\t\tclass=\"vc_empty_space_inner\">\n\t\t\t<span class=\"empty_space_image\"  ><\/span>\n\t\t<\/span><\/div>\n\n<\/div><\/div><\/div><\/div><\/div><div      class=\"vc_row wpb_row section vc_row-fluid \" style=' text-align:left;'><div class=\" full_section_inner clearfix\"><div class=\"wpb_column vc_column_container vc_col-sm-12\"><div class=\"vc_column-inner\"><div class=\"wpb_wrapper\">\n\t<div class=\"wpb_text_column wpb_content_element  fina\">\n\t\t<div class=\"wpb_wrapper\">\n\t\t\t<p>Works<\/p>\n<div id=\"link64_adl_tabid\" style=\"display: none;\" data-url=\"http:\/\/www.stoagallery.com\/wp-admin\/post.php?post=3693&amp;action=edit&amp;lang=en\">43<\/div>\n\n\t\t<\/div> \n\t<\/div> <div class=\"separator  normal   \" style=\"margin-top: 1px;margin-bottom: 25px;background-color: #b4b4b4;\"><\/div>\n<div class='projects_holder_outer v5 portfolio_with_space portfolio_with_hover_text'>\n        <div class='projects_holder portfolio_main_holder clearfix v5  hover_text portfolio_full_image portfolio_one_by_one'>\n        \n        <article class='mix portfolio_category_35 default' style=''>\n    \n    \n    \n                <div class='image_holder'>\n                <a itemprop='url' class='portfolio_link_for_touch' href='https:\/\/www.stoagallery.com\/en\/portfolio_page\/juan-manuel-alvarez-cebrian-works\/' target='<br \/>\n<b>Warning<\/b>:  Undefined variable $target in <b>\/srv\/vhost\/stoagallery.com\/home\/html\/wp-content\/plugins\/bridge-core\/modules\/shortcodes\/shortcode-elements\/_portfolio-list\/templates\/portfolio-item.php<\/b> on line <b>47<\/b><br \/>\n'>\n                    \n<span class='image'><img loading=\"lazy\" decoding=\"async\" width=\"779\" height=\"779\" src=\"https:\/\/www.stoagallery.com\/wp-content\/uploads\/2015\/07\/LEDA-CON-LEOPARDOS.jpg\" class=\"attachment-full size-full wp-post-image\" alt=\"LEDA CON LEOPARDOS \u00d3leo sobre tabla 162 x 130 cm\" srcset=\"https:\/\/www.stoagallery.com\/wp-content\/uploads\/2015\/07\/LEDA-CON-LEOPARDOS.jpg 779w, https:\/\/www.stoagallery.com\/wp-content\/uploads\/2015\/07\/LEDA-CON-LEOPARDOS-150x150.jpg 150w, https:\/\/www.stoagallery.com\/wp-content\/uploads\/2015\/07\/LEDA-CON-LEOPARDOS-300x300.jpg 300w, https:\/\/www.stoagallery.com\/wp-content\/uploads\/2015\/07\/LEDA-CON-LEOPARDOS-570x570.jpg 570w, https:\/\/www.stoagallery.com\/wp-content\/uploads\/2015\/07\/LEDA-CON-LEOPARDOS-500x500.jpg 500w, https:\/\/www.stoagallery.com\/wp-content\/uploads\/2015\/07\/LEDA-CON-LEOPARDOS-700x700.jpg 700w\" sizes=\"(max-width: 779px) 100vw, 779px\" \/><\/span>                <\/a>\n\n                <span class='text_holder'>\n    <span class='text_outer'>\n        <span class='text_inner'>\n            <div class=\"hover_feature_holder_title\">\n                <div class=\"hover_feature_holder_title_inner\">\n                    \n                        \n    <h5 itemprop=\"name\" class=\"portfolio_title entry_title\"><a itemprop=\"url\" href=\"https:\/\/www.stoagallery.com\/en\/portfolio_page\/juan-manuel-alvarez-cebrian-works\/\"  target=\"_self\"> JUAN MANUEL ALVAREZ CEBRIAN WORKS<\/a><\/h5>\n\n\n                        \n                            <span class=\"project_category\"  >\n    JUAN MANUEL ALVAREZ CEBRIAN ARTIST    <\/span>\n\n                                    <\/div>\n            <\/div>\n\n            \n            <span class='feature_holder'>\n                <span class=\"feature_holder_icons\">\n\n                    \n                            <a itemprop='url' class='preview qbutton small white' href='https:\/\/www.stoagallery.com\/en\/portfolio_page\/juan-manuel-alvarez-cebrian-works\/' target='_self'>view<\/i><\/a>\n    \n                                    <\/span>\n            <\/span>\n\n            \n        <\/span>\n    <\/span>\n<\/span>\n            <\/div>\n                    \n    \n<\/article>\n        <div class='filler'><\/div>\n            <div class='filler'><\/div>\n            <div class='filler'><\/div>\n            <div class='filler'><\/div>\n            <div class='filler'><\/div>\n        <\/div>\n\n    \n    <\/div><\/div><\/div><\/div><\/div><\/div><div      class=\"vc_row wpb_row section vc_row-fluid \" style=' text-align:left;'><div class=\" full_section_inner clearfix\"><div class=\"wpb_column vc_column_container vc_col-sm-12\"><div class=\"vc_column-inner\"><div class=\"wpb_wrapper\">\n\t<div class=\"wpb_text_column wpb_content_element \">\n\t\t<div class=\"wpb_wrapper\">\n\t\t\t<div id=\"link64_adl_tabid\" style=\"display: none;\" data-url=\"http:\/\/www.stoagallery.com\/wp-admin\/post-new.php?lang=en&amp;post_type=page&amp;trid=1811&amp;source_lang=es\">34<\/div>\n\n\t\t<\/div> \n\t<\/div> <\/div><\/div><\/div><\/div><\/div>\n<\/div>","protected":false},"excerpt":{"rendered":"&nbsp; 548 49","protected":false},"author":1,"featured_media":0,"parent":0,"menu_order":0,"comment_status":"closed","ping_status":"open","template":"","meta":{"footnotes":""},"class_list":["post-3693","page","type-page","status-publish","hentry"],"_links":{"self":[{"href":"https:\/\/www.stoagallery.com\/en\/wp-json\/wp\/v2\/pages\/3693","targetHints":{"allow":["GET"]}}],"collection":[{"href":"https:\/\/www.stoagallery.com\/en\/wp-json\/wp\/v2\/pages"}],"about":[{"href":"https:\/\/www.stoagallery.com\/en\/wp-json\/wp\/v2\/types\/page"}],"author":[{"embeddable":true,"href":"https:\/\/www.stoagallery.com\/en\/wp-json\/wp\/v2\/users\/1"}],"replies":[{"embeddable":true,"href":"https:\/\/www.stoagallery.com\/en\/wp-json\/wp\/v2\/comments?post=3693"}],"version-history":[{"count":4,"href":"https:\/\/www.stoagallery.com\/en\/wp-json\/wp\/v2\/pages\/3693\/revisions"}],"predecessor-version":[{"id":8872,"href":"https:\/\/www.stoagallery.com\/en\/wp-json\/wp\/v2\/pages\/3693\/revisions\/8872"}],"wp:attachment":[{"href":"https:\/\/www.stoagallery.com\/en\/wp-json\/wp\/v2\/media?parent=3693"}],"curies":[{"name":"wp","href":"https:\/\/api.w.org\/{rel}","templated":true}]}}