{"id":4024,"date":"2016-05-28T19:25:20","date_gmt":"2016-05-28T19:25:20","guid":{"rendered":"http:\/\/www.stoagallery.com\/?page_id=4024&#038;lang=en"},"modified":"2023-09-09T08:58:45","modified_gmt":"2023-09-09T08:58:45","slug":"astrid-sommer","status":"publish","type":"page","link":"https:\/\/www.stoagallery.com\/en\/astrid-sommer\/","title":{"rendered":"Astrid Sommer"},"content":{"rendered":"<div class=\"wpb-content-wrapper\"><div class=\"vc_row wpb_row section vc_row-fluid \" style=' text-align:left;'><div class=\" full_section_inner clearfix\"><div class=\"wpb_column vc_column_container vc_col-sm-12\"><div class=\"vc_column-inner\"><div class=\"wpb_wrapper\">\n\t<div class=\"wpb_text_column wpb_content_element \">\n\t\t<div class=\"wpb_wrapper\">\n\t\t\t<h1>ASTRID SOMMER<\/h1>\n<div id=\"link64_adl_tabid\" style=\"display: none;\" data-url=\"http:\/\/www.stoagallery.com\/wp-admin\/post.php?post=4024&amp;action=edit&amp;lang=en\">587<\/div>\n\n\t\t<\/div> \n\t<\/div> <\/div><\/div><\/div><\/div><\/div><div      class=\"vc_row wpb_row section vc_row-fluid \" style=' text-align:left;'><div class=\" full_section_inner clearfix\"><div class=\"wpb_column vc_column_container vc_col-sm-3\"><div class=\"vc_column-inner\"><div class=\"wpb_wrapper\">\n\t<div class=\"wpb_single_image wpb_content_element vc_align_left\">\n\t\t<div class=\"wpb_wrapper\">\n\t\t\t\n\t\t\t<div class=\"vc_single_image-wrapper vc_box_shadow_border  vc_box_border_grey\"><img fetchpriority=\"high\" decoding=\"async\" width=\"300\" height=\"241\" src=\"https:\/\/www.stoagallery.com\/wp-content\/uploads\/2015\/07\/ASTRID-SOMMER-300x241.jpg\" class=\"vc_single_image-img attachment-medium\" alt=\"\" title=\"ASTRID-SOMMER\" srcset=\"https:\/\/www.stoagallery.com\/wp-content\/uploads\/2015\/07\/ASTRID-SOMMER-300x241.jpg 300w, https:\/\/www.stoagallery.com\/wp-content\/uploads\/2015\/07\/ASTRID-SOMMER.jpg 432w\" sizes=\"(max-width: 300px) 100vw, 300px\" \/><\/div>\n\t\t<\/div>\n\t<\/div>\n<\/div><\/div><\/div><div class=\"wpb_column vc_column_container vc_col-sm-9\"><div class=\"vc_column-inner\"><div class=\"wpb_wrapper\">\n\t<div class=\"q_accordion_holder clearfix wpb_content_element accordion without_icon  not-column-inherit\" data-active-tab=\"1\" data-collapsible=\"yes\" data-border-radius=\"\">\n\t\t\t\n\t\t\t\t<h6 class=\"clearfix title-holder\" style=\"color: #000000; background-color: #ffffff;\"><span class=\"accordion_mark left_mark\"><span class=\"accordion_mark_icon\"><\/span><\/span><span class=\"tab-title\">ABOUT ASTRID<\/span><span class=\"accordion_mark right_mark\"><span class=\"accordion_mark_icon\"><\/span><\/span><\/h6>\n\t\t\t\t<div  class=\"accordion_content no_icon\">\n\t\t\t<div class=\"accordion_content_inner\">\n\t\t\t\t\n\t<div class=\"wpb_text_column wpb_content_element  fina\">\n\t\t<div class=\"wpb_wrapper\">\n\t\t\t<div id=\"WRchTxtx\" class=\"s3\" data-reactid=\".0.$SITE_ROOT.$desktop_siteRoot.$PAGES_CONTAINER.1.1.$SITE_PAGES.$c786.1.$WRchTxtx\">\n<div id=\"WRchTxtxrichTextContainer\" class=\"s3_richTextContainer s3richTextContainer\" data-reactid=\".0.$SITE_ROOT.$desktop_siteRoot.$PAGES_CONTAINER.1.1.$SITE_PAGES.$c786.1.$WRchTxtx.0\">\n<p style=\"text-align: justify;\">Mexican abstract artists, the titles of her paintings are a bunch of abstract concepts: &#8220;Impulse&#8221;, &#8220;Distinction&#8221;, &#8220;Visceral&#8221;&#8230; Surely the work of Astrid belongs to abstraction, to the most elegant, optimistic and colorful. In it the &#8220;vibration of the soul&#8221; is perceived, without which, Kandinsky said, the work cannot be produced. And there it is, in each painting, a reflection of the most intimate Astrid, confirming another statement from the great master of abstraction, &#8220;the spirit of each artist is reflected in the form. The form bears the stamp of the personality&#8221;. Astrid herself states that colors have an emotional meaning and it is easily noticeable. We are looking at a great example of subjective abstraction&#8230; and poetic. Because, as another artistic poet states, Ai Wei Wei, &#8220;(&#8230;) the poetry serves to keep our intellect in the previous state to rationality. It takes us to a pure sense of contact with our feelings&#8221;. And this is precisely what we have with Astrid\u00b4s paintings, pure feeling. But not the expression of feelings &#8220;as experienced in real life, but those feelings imaginatively lived, in that level where reality and unreality merge&#8221;. The feeling of the artist is, no doubt, in a work she claims to gestate in a fun and spontaneous way, hoping it will be the personal experience of each one, their personal baggage, which guides the reading of her acrylics. She yearns for each piece to communicate with the viewer, to &#8220;say&#8221; something without being mediated, appeal to the ability of each eye to interpret and find out what happens in each canvas and, better yet, what it provokes in each one. There is no conceptual basis to guide the work, because she is not a fan of explanatory texts but, although the titles are of a calculated vagueness, she cannot help but bring with them significant clues that, like it or not, will affect that particular and nontransferable immersion. Many artists are not interested in what their work may provoke in the viewer. This is not the case. For Astrid, to know what impressions, ideas or feelings her paintings have provoked, becomes essential.<\/p>\n<\/div>\n<\/div>\n<div id=\"WRchTxt1-1a1c\" class=\"s3\" data-reactid=\".0.$SITE_ROOT.$desktop_siteRoot.$PAGES_CONTAINER.1.1.$SITE_PAGES.$c786.1.$WRchTxt1-1a1c\">\n<div id=\"WRchTxt1-1a1crichTextContainer\" class=\"s3_richTextContainer s3richTextContainer\" data-reactid=\".0.$SITE_ROOT.$desktop_siteRoot.$PAGES_CONTAINER.1.1.$SITE_PAGES.$c786.1.$WRchTxt1-1a1c.0\">\n<div id=\"WRchTxt1-1a1c\" class=\"s3\" data-reactid=\".0.$SITE_ROOT.$desktop_siteRoot.$PAGES_CONTAINER.1.1.$SITE_PAGES.$c786.1.$WRchTxt1-1a1c\">\n<div id=\"WRchTxt1-1a1crichTextContainer\" class=\"s3_richTextContainer s3richTextContainer\" data-reactid=\".0.$SITE_ROOT.$desktop_siteRoot.$PAGES_CONTAINER.1.1.$SITE_PAGES.$c786.1.$WRchTxt1-1a1c.0\">\n<p class=\"alignLeft font_7\">\n<\/div>\n<\/div>\n<\/div>\n<\/div>\n<div id=\"link64_adl_tabid\" style=\"display: none;\" data-url=\"http:\/\/www.stoagallery.com\/wp-admin\/post.php?post=3727&amp;action=edit&amp;lang=en\">588<\/div>\n\n\t\t<\/div> \n\t<\/div> \n\t\t\t<\/div>\n\t\t\t\t<\/div>\n\n\t\t\t\t<h5 class=\"clearfix title-holder\" style=\"\"><span class=\"accordion_mark left_mark\"><span class=\"accordion_mark_icon\"><\/span><\/span><span class=\"tab-title\">CURRICULUM<\/span><span class=\"accordion_mark right_mark\"><span class=\"accordion_mark_icon\"><\/span><\/span><\/h5>\n\t\t\t\t<div  class=\"accordion_content no_icon\">\n\t\t\t<div class=\"accordion_content_inner\">\n\t\t\t\t\n\t<div class=\"wpb_text_column wpb_content_element \">\n\t\t<div class=\"wpb_wrapper\">\n\t\t\t<div id=\"WRchTxtx\" class=\"s3\" data-reactid=\".0.$SITE_ROOT.$desktop_siteRoot.$PAGES_CONTAINER.1.1.$SITE_PAGES.$c786.1.$WRchTxtx\">\n<div id=\"WRchTxtxrichTextContainer\" class=\"s3_richTextContainer s3richTextContainer\" data-reactid=\".0.$SITE_ROOT.$desktop_siteRoot.$PAGES_CONTAINER.1.1.$SITE_PAGES.$c786.1.$WRchTxtx.0\">\n<p class=\"alignLeft font_7\"><span class=\"color_14\">Born in Mexico City. She has participated in more than 50 solo exhibitions and international group shows.<br \/>\n<\/span><\/p>\n<p>&nbsp;<\/p>\n<p><a href=\"https:\/\/www.astridsommer.com\/homeen\">Artist\u00b4s Webpage<\/a><\/p>\n<p>&nbsp;<\/p>\n<h4 class=\"alignLeft font_7\"><span class=\"color_14\">Art Fairs <\/span><span class=\"color_14\">and Biennials<\/span><\/h4>\n<p>2019 KIAF, South Korea<\/p>\n<p>2019 SEATTLE ART FAIR, USA<\/p>\n<p>2019 POSITIONS BERLIN, Germany<\/p>\n<p>2018 CONTEXT MIAMI, USA<\/p>\n<p>2018 KIAF, South Korea<\/p>\n<p>2018 Art Marbella, Spain<\/p>\n<p>2018 Art New York, USA<\/p>\n<p>2017 Scope Miami, USA<\/p>\n<p>2017 Art New York, USA<\/p>\n<p>2017 LA Art Show,<span class=\"color_14\">USA<\/span><span class=\"color_14\">.<\/span><\/p>\n<p>2016 Art Marbella, SPAIN<\/p>\n<p class=\"alignLeft font_7\"><span class=\"color_14\">2015 New York Art Expo, USA<br \/>\n<\/span><\/p>\n<p class=\"alignLeft font_7\"><span class=\"color_14\">2015 Biennial of Florence,\u00a0 Italy<\/span><\/p>\n<\/div>\n<\/div>\n<div id=\"WRchTxt1-1a1c\" class=\"s3\" data-reactid=\".0.$SITE_ROOT.$desktop_siteRoot.$PAGES_CONTAINER.1.1.$SITE_PAGES.$c786.1.$WRchTxt1-1a1c\">\n<div id=\"WRchTxt1-1a1crichTextContainer\" class=\"s3_richTextContainer s3richTextContainer\" data-reactid=\".0.$SITE_ROOT.$desktop_siteRoot.$PAGES_CONTAINER.1.1.$SITE_PAGES.$c786.1.$WRchTxt1-1a1c.0\">\n<div id=\"WRchTxt1-1a1c\" class=\"s3\" data-reactid=\".0.$SITE_ROOT.$desktop_siteRoot.$PAGES_CONTAINER.1.1.$SITE_PAGES.$c786.1.$WRchTxt1-1a1c\">\n<div id=\"WRchTxt1-1a1crichTextContainer\" class=\"s3_richTextContainer s3richTextContainer\" data-reactid=\".0.$SITE_ROOT.$desktop_siteRoot.$PAGES_CONTAINER.1.1.$SITE_PAGES.$c786.1.$WRchTxt1-1a1c.0\">\n<h4 class=\"alignLeft font_7\"><span class=\"color_14\">Solo exhibitions<br \/>\n<\/span><\/h4>\n<p>2023 \u201cPenelope\u00b4s Odyssey\u201d, Stoa Gallery, M\u00e1laga, Spain<\/p>\n<p><strong>\u00a0 \u00a0 \u00a0 \u00a0 \u00a0\u00a0<\/strong> -\u201cOther directions\u201d, Herraiz Gallery, Madrid, Spain<\/p>\n<p>2022 &#8220;The Sleep of Reason&#8221;, STOA Gallery, Spain<\/p>\n<p>2020 &#8220;The clothesline&#8221;, STOA Gallery, Spain<\/p>\n<p>2019 &#8220;Pillars&#8221;, STOA Gallery, Spain<\/p>\n<p>2017 \u201cSingle Word\u201d, STOA Gallery, Spain<\/p>\n<p>2017 \u201c\u00a0Colos&#8221;, Herraiz Gallery, Madrid, Spain.<\/p>\n<p class=\"alignLeft font_7\">2016 \u201cPareidolia\u201d, STOA Gallery, Spain<\/p>\n<p class=\"alignLeft font_7\"><span class=\"color_14\">2015 Di\u00e9gesis, Aura Galerias, M\u00e9xico D.F.<\/span><\/p>\n<p class=\"alignLeft font_7\"><span class=\"color_14\">2014 Color Index, Bolsa Mexicana de Valores, M\u00e9xico D.F.<\/span><\/p>\n<p class=\"alignLeft font_7\"><span class=\"color_14\">2013 Abstractus, Galer\u00eda Carlos Misrachi, M\u00e9xico D.F.<\/span><\/p>\n<p class=\"alignLeft font_7\"><span class=\"color_14\">2012 -Tendedero, BAR Gallery at Willesden Green, Londres, Inglaterra.<\/span><\/p>\n<p class=\"alignLeft font_7\"><span class=\"color_14\">\u00a0\u00a0\u00a0\u00a0\u00a0\u00a0\u00a0\u00a0\u00a0 -Contrase\u00f1a, Galer\u00eda Carlos Misrachi, M\u00e9xico D.F.<\/span><\/p>\n<p class=\"alignLeft font_7\"><span class=\"color_14\">2011 \u2013 Interpretaciones, Galeria DRT, Quer\u00e9taro, Qro.<\/span><\/p>\n<p class=\"alignLeft font_7\"><span class=\"color_14\">\u00a0 \u00a0 \u00a0\u00a0\u00a0\u00a0\u00a0 -Ritmos Intemporales, Galer\u00eda Carlos Misrachi, M\u00e9xico D.F.<\/span><\/p>\n<p class=\"alignLeft font_7\"><span class=\"color_14\">2010 Di\u00e1logo entre Colores, Galer\u00eda Carlos Misrachi, M\u00e9xico D.F.<\/span><\/p>\n<p class=\"alignLeft font_7\"><span class=\"color_14\">2007 Intuitio, Casa Vallarta, Universidad de Guadalajara, Jal.<\/span><\/p>\n<p class=\"alignLeft font_7\"><span class=\"color_14\">2006 Ruta 1106, Foro de Arte y Cultura, Guadalajara, Jal.<\/span><\/p>\n<p class=\"alignLeft font_7\"><span class=\"color_14\">2005 Astrid Sommer, Galer\u00eda Factor Arte,Guadalajara, Jal.<\/span><\/p>\n<h4 class=\"alignLeft font_7\"><span class=\"color_14\">Exposiciones Colectivas \u2013 selecci\u00f3n<\/span><\/h4>\n<p class=\"alignLeft font_7\"><span class=\"color_14\">2014 -Femenine reunion, Stoa Gallery,\u00a0 Spain<br \/>\n<\/span><\/p>\n<p class=\"alignLeft font_7\"><span class=\"color_14\">\u00a0 \u00a0 \u00a0 \u00a0 \u00a0 \u2013 Manos por M\u00e9xico, Museo Franz Mayer, M\u00e9xico, D.F.<\/span><\/p>\n<p class=\"alignLeft font_7\"><span class=\"color_14\">2011 -International Show , Caelum Gallery , New York, NY.<\/span><\/p>\n<p class=\"alignLeft font_7\"><span class=\"color_14\">\u00a0 \u00a0 \u00a0 \u00a0 \u00a0 \u2013 Corazoles, Centro Cultural Universitario, Puebla,Pue.<\/span><\/p>\n<p class=\"alignLeft font_7\"><span class=\"color_14\">\u00a0 \u00a0 \u00a0 \u00a0 \u00a0\u00a0 \u2013 Rojo Red, Galer\u00eda Omar Alonso, Puerto Vallarta, Jal.<\/span><\/p>\n<p class=\"alignLeft font_7\"><span class=\"color_14\">2007- Rojo Red, Galer\u00eda Omar Alonso, Puerto Vallarta, Jal.<\/span><\/p>\n<p class=\"alignLeft font_7\"><span class=\"color_14\">\u00a0 \u00a0 \u00a0 \u00a0 \u00a0 \u2013 XIII Sal\u00f3n de la Foto, Centro de Arte Moderno de Guadalajara, Jal.<\/span><\/p>\n<p class=\"alignLeft font_7\"><span class=\"color_14\">2006 -Sal\u00f3n de Octubre, Ex Convento del Carmen, Gdl, Jal.<\/span><\/p>\n<p class=\"alignLeft font_7\"><span class=\"color_14\">\u00a0 \u00a0 \u00a0 \u00a0 \u00a0 \u2013 Festival de la Gr\u00e1fica, Museo de las Artes Populares, Guadalajara, Jal.<\/span><\/p>\n<p class=\"alignLeft font_7\"><span class=\"color_14\">\u00a0 \u00a0 \u00a0 \u00a0 \u00a0 \u2013 Sal\u00f3n de la Estampa, C.\u00a0de Arte Moderno, Guadalajara, Jal.<\/span><\/p>\n<p class=\"alignLeft font_7\"><span class=\"color_14\">\u00a0\u00a0\u00a0\u00a0\u00a0\u00a0\u00a0\u00a0\u00a0\u00a0 -Lessedra World Art Print, Lessedra Gallery, Sof\u00eda, Bulgaria<\/span><\/p>\n<p class=\"alignLeft font_7\"><span class=\"color_14\">\u00a0 \u00a0 \u00a0 \u00a0 \u00a0\u00a0 \u2013 Casiopea, Revista de Arte, Colegio de Jalisco, Gdl, Jal.<\/span><\/p>\n<p class=\"alignLeft font_7\"><span class=\"color_14\">\u00a0 \u00a0 \u00a0 \u00a0 \u00a0\u00a0 \u2013 Sal\u00f3n de la Fotograf\u00eda, Centro de Arte Moderno, Gdl, Jal.<\/span><\/p>\n<p class=\"alignLeft font_7\"><span class=\"color_14\">\u00a0 \u00a0 \u00a0 \u00a0 \u00a0 \u00a0 \u2013 Puertas Abiertas al Arte, M. Regional de Guadalajara, Jal.<\/span><\/p>\n<p class=\"alignLeft font_7\"><span class=\"color_14\">\u00a0\u00a0\u00a0\u00a0\u00a0\u00a0\u00a0\u00a0\u00a0\u00a0\u00a0\u00a0 -Influencia Europea en Guadalajara, Museo del Periodismo, Guadalajara, Jal.<\/span><\/p>\n<p class=\"alignLeft font_7\"><span class=\"color_14\">2005 -Sal\u00f3n de la Estampa, Centro de Arte Moderno, Gdl, Jal.<\/span><\/p>\n<p class=\"alignLeft font_7\"><span class=\"color_14\">\u00a0\u00a0\u00a0\u00a0\u00a0\u00a0\u00a0\u00a0\u00a0\u00a0 -Tango Fusion, Art Fusion Gallery, Miami, Florida.<\/span><\/p>\n<p class=\"alignLeft font_7\"><span class=\"color_14\">\u00a0 \u00a0 \u00a0 \u00a0 \u00a0\u00a0 \u2013 Quiero ver Sangre, Ex Convento del Carmen, Gdl, Jal.<\/span><\/p>\n<p class=\"alignLeft font_7\"><span class=\"color_14\">2004- Dos Buriles no se pican, Torre de los Grillos, Gdl, Jal.<\/span><\/p>\n<p class=\"alignLeft font_7\"><span class=\"color_14\">\u00a0 \u00a0 \u00a0 \u00a0 \u00a0 \u2013 Art Around the World, Piag Museum, Miami, Florida<\/span><\/p>\n<p class=\"alignLeft font_7\"><span class=\"color_14\">2003 Nuevos Grabadores Tapat\u00edos, Museo Regional de Tecolotl\u00e1n, Jalisco<\/span><\/p>\n<p class=\"alignLeft font_7\"><span class=\"color_14\">2001 -Tradiciones Mexicanas, C\u00e1mara de Comercio de Gdl, Jal.<\/span><\/p>\n<p class=\"alignLeft font_7\"><span class=\"color_14\">\u00a0\u00a0\u00a0\u00a0\u00a0\u00a0\u00a0\u00a0\u00a0\u00a0 -Expresarte, World Trade Center, M\u00e9xico D.F.<\/span><\/p>\n<p class=\"alignLeft font_7\"><span class=\"color_14\">\u00a0 \u00a0 \u00a0 \u00a0 \u00a0\u00a0 \u2013 Suma Pict\u00f3rica, Museo de las Artes, Guadalajara, Jal.<\/span><\/p>\n<p class=\"alignLeft font_7\"><span class=\"color_14\">2000 Jarco, Jalisco Arte Contempor\u00e1neo, C\u00e1mara de Comercio de Guadalajara, Jal.<\/span><\/p>\n<p class=\"alignLeft font_7\"><span class=\"color_14\">1998 Colectiva de Navidad, Galer\u00eda Clave 13, Gdl, Jalisco<\/span><\/p>\n<p class=\"alignLeft font_7\"><span class=\"color_14\">1997 Forma del Color, I.M.S.S., M\u00e9xico D.F.<\/span><\/p>\n<p class=\"alignLeft font_7\"><span class=\"color_14\">Bienal \/ Premios<\/span><\/p>\n<p class=\"alignLeft font_7\"><span class=\"color_14\">2007 Premio Nacional de Pintura Atanasio Monroy<\/span><\/p>\n<p class=\"alignLeft font_7\"><span class=\"color_14\">2006 Premio Nacional de Pintura Atanasio Monroy<\/span><\/p>\n<p class=\"alignLeft font_7\"><span class=\"color_14\">2005 Bienal Alfredo Zalce<\/span><\/p>\n<\/div>\n<\/div>\n<\/div>\n<\/div>\n\n\t\t<\/div> \n\t<\/div> \n\t\t\t<\/div>\n\t\t\t\t<\/div>\n\n\t\t\t\t<h6 class=\"clearfix title-holder\" style=\"color: #000000; background-color: #ffffff;\"><span class=\"accordion_mark left_mark\"><span class=\"accordion_mark_icon\"><\/span><\/span><span class=\"tab-title\">CATALOGUES<\/span><span class=\"accordion_mark right_mark\"><span class=\"accordion_mark_icon\"><\/span><\/span><\/h6>\n\t\t\t\t<div  class=\"accordion_content no_icon\">\n\t\t\t<div class=\"accordion_content_inner\">\n\t\t\t\t\t<div class=\"vc_empty_space\"  style=\"height: 20px\" ><span\n\t\t\tclass=\"vc_empty_space_inner\">\n\t\t\t<span class=\"empty_space_image\"  ><\/span>\n\t\t<\/span><\/div>\n\n\n\t<div class=\"wpb_text_column wpb_content_element \">\n\t\t<div class=\"wpb_wrapper\">\n\t\t\t<p style=\"text-align: center;\"><span style=\"color: #deb100;\"><strong>ART FAIR CATALOGHE<\/strong><\/span><\/p>\n<div id=\"link64_adl_tabid\" style=\"display: none;\" data-url=\"http:\/\/www.stoagallery.com\/wp-admin\/post.php?post=4024&amp;action=edit&amp;lang=en&amp;admin_bar=1\">184<\/div>\n\n\t\t<\/div> \n\t<\/div> \t<div class=\"vc_empty_space\"  style=\"height: 20px\" ><span\n\t\t\tclass=\"vc_empty_space_inner\">\n\t\t\t<span class=\"empty_space_image\"  ><\/span>\n\t\t<\/span><\/div>\n\n<div      class=\"vc_row wpb_row section vc_row-fluid vc_inner \" style=' text-align:left;'><div class=\" full_section_inner clearfix\"><div class=\"wpb_column vc_column_container vc_col-sm-6\"><div class=\"vc_column-inner\"><div class=\"wpb_wrapper\">\n\t<div class=\"wpb_single_image wpb_content_element vc_align_center\">\n\t\t<div class=\"wpb_wrapper\">\n\t\t\t<h2 class=\"wpb_heading wpb_singleimage_heading\">ART MARBELLA 2016<\/h2>\n\t\t\t<a href=\"https:\/\/issuu.com\/artmarbella\/docs\/libro_art_marbella?e=18379759\/37163929\" target=\"_blank\"><div class=\"vc_single_image-wrapper vc_box_shadow_3d  vc_box_border_grey\"><span class=\"vc_box_shadow_3d_wrap\"><img decoding=\"async\" class=\"vc_single_image-img \" src=\"https:\/\/www.stoagallery.com\/wp-content\/uploads\/2016\/07\/8889c7ff64b6d31ab1b5714b339fe163-150x214.jpg\" width=\"150\" height=\"214\" alt=\"portada cat\u00e1logo ART MARBELLA 16\" title=\"portada cat\u00e1logo ART MARBELLA 16\" \/><\/span><\/div><\/a>\n\t\t<\/div>\n\t<\/div>\n<\/div><\/div><\/div><div class=\"wpb_column vc_column_container vc_col-sm-6\"><div class=\"vc_column-inner\"><div class=\"wpb_wrapper\"><\/div><\/div><\/div><\/div><\/div>\t<div class=\"vc_empty_space\"  style=\"height: 20px\" ><span\n\t\t\tclass=\"vc_empty_space_inner\">\n\t\t\t<span class=\"empty_space_image\"  ><\/span>\n\t\t<\/span><\/div>\n\n\n\t<div class=\"wpb_text_column wpb_content_element \">\n\t\t<div class=\"wpb_wrapper\">\n\t\t\t<p style=\"text-align: center;\"><span style=\"color: #deb100;\"><strong>STOA\u00b4S CATALOGHES<\/strong><\/span><\/p>\n<div id=\"link64_adl_tabid\" style=\"display: none;\" data-url=\"http:\/\/www.stoagallery.com\/wp-admin\/post.php?post=4024&amp;action=edit&amp;lang=en\">184<\/div>\n\n\t\t<\/div> \n\t<\/div> \t<div class=\"vc_empty_space\"  style=\"height: 20px\" ><span\n\t\t\tclass=\"vc_empty_space_inner\">\n\t\t\t<span class=\"empty_space_image\"  ><\/span>\n\t\t<\/span><\/div>\n\n<div      class=\"vc_row wpb_row section vc_row-fluid vc_inner \" style=' text-align:left;'><div class=\" full_section_inner clearfix\"><div class=\"wpb_column vc_column_container vc_col-sm-6\"><div class=\"vc_column-inner\"><div class=\"wpb_wrapper\">\n\t<div class=\"wpb_single_image wpb_content_element vc_align_center\">\n\t\t<div class=\"wpb_wrapper\">\n\t\t\t<h2 class=\"wpb_heading wpb_singleimage_heading\">REENCUENTRO EN FEMENINO<\/h2>\n\t\t\t<a href=\"http:\/\/www.stoagallery.com\/wp-content\/uploads\/2015\/05\/REENCUENTRO-EN-FEMENINO.pdf\" target=\"_blank\"><div class=\"vc_single_image-wrapper vc_box_shadow_3d  vc_box_border_grey\"><span class=\"vc_box_shadow_3d_wrap\"><img decoding=\"async\" class=\"vc_single_image-img \" src=\"https:\/\/www.stoagallery.com\/wp-content\/uploads\/2015\/05\/REENCUENTRO-EN-FEMENINO-DICIEMBRE-2014-150x214.jpg\" width=\"150\" height=\"214\" alt=\"REENCUENTRO EN FEMENINO DICIEMBRE  2014\" title=\"REENCUENTRO EN FEMENINO DICIEMBRE  2014\" \/><\/span><\/div><\/a>\n\t\t<\/div>\n\t<\/div>\n<\/div><\/div><\/div><div class=\"wpb_column vc_column_container vc_col-sm-6\"><div class=\"vc_column-inner\"><div class=\"wpb_wrapper\">\n\t<div class=\"wpb_single_image wpb_content_element vc_align_center\">\n\t\t<div class=\"wpb_wrapper\">\n\t\t\t<h2 class=\"wpb_heading wpb_singleimage_heading\">PAREIDOLIA<\/h2>\n\t\t\t<a href=\"http:\/\/www.stoagallery.com\/wp-content\/uploads\/2016\/05\/PDF-PAREIDOLIA.pdf\" target=\"_blank\"><div class=\"vc_single_image-wrapper vc_box_shadow_3d  vc_box_border_grey\"><span class=\"vc_box_shadow_3d_wrap\"><img loading=\"lazy\" decoding=\"async\" class=\"vc_single_image-img \" src=\"https:\/\/www.stoagallery.com\/wp-content\/uploads\/2016\/05\/PORTADA-PAREIDOLIA-150x214.jpg\" width=\"150\" height=\"214\" alt=\"PORTADA PAREIDOLIA\" title=\"PORTADA PAREIDOLIA\" \/><\/span><\/div><\/a>\n\t\t<\/div>\n\t<\/div>\n<\/div><\/div><\/div><\/div><\/div>\n\t\t\t<\/div>\n\t\t\t\t<\/div>\n\n\t<\/div> <\/div><\/div><\/div><\/div><\/div><div      class=\"vc_row wpb_row section vc_row-fluid \" style=' text-align:left;'><div class=\" full_section_inner clearfix\"><div class=\"wpb_column vc_column_container vc_col-sm-12\"><div class=\"vc_column-inner\"><div class=\"wpb_wrapper\">\t<div class=\"vc_empty_space\"  style=\"height: 50px\" ><span\n\t\t\tclass=\"vc_empty_space_inner\">\n\t\t\t<span class=\"empty_space_image\"  ><\/span>\n\t\t<\/span><\/div>\n\n\n\t<div class=\"wpb_text_column wpb_content_element  fina\">\n\t\t<div class=\"wpb_wrapper\">\n\t\t\t<p>Works<\/p>\n<div id=\"link64_adl_tabid\" style=\"display: none;\" data-url=\"http:\/\/www.stoagallery.com\/wp-admin\/post.php?post=3727&amp;action=edit&amp;lang=en\">589<\/div>\n\n\t\t<\/div> \n\t<\/div> <div class=\"separator  normal   \" style=\"background-color: #afafaf;\"><\/div>\n<div class='projects_holder_outer v5 portfolio_with_space portfolio_with_hover_text'>\n        <div class='projects_holder portfolio_main_holder clearfix v5  hover_text portfolio_full_image '>\n        \n        <article class='mix portfolio_category_153 default' style=''>\n    \n    \n    \n                <div class='image_holder'>\n                <a itemprop='url' class='portfolio_link_for_touch' href='https:\/\/www.stoagallery.com\/en\/portfolio_page\/astrid-sommer-works\/' target='<br \/>\n<b>Warning<\/b>:  Undefined variable $target in <b>\/srv\/vhost\/stoagallery.com\/home\/html\/wp-content\/plugins\/bridge-core\/modules\/shortcodes\/shortcode-elements\/_portfolio-list\/templates\/portfolio-item.php<\/b> on line <b>47<\/b><br \/>\n'>\n                    \n<span class='image'><img loading=\"lazy\" decoding=\"async\" width=\"501\" height=\"501\" src=\"https:\/\/www.stoagallery.com\/wp-content\/uploads\/2015\/12\/IMPULSO-ASTRID-SOMMER.jpg\" class=\"attachment-full size-full wp-post-image\" alt=\"IMPULSO ACR\u00cdLICO SOBRE LIENZO 180 X 120 cm\" srcset=\"https:\/\/www.stoagallery.com\/wp-content\/uploads\/2015\/12\/IMPULSO-ASTRID-SOMMER.jpg 501w, https:\/\/www.stoagallery.com\/wp-content\/uploads\/2015\/12\/IMPULSO-ASTRID-SOMMER-150x150.jpg 150w, https:\/\/www.stoagallery.com\/wp-content\/uploads\/2015\/12\/IMPULSO-ASTRID-SOMMER-300x300.jpg 300w, https:\/\/www.stoagallery.com\/wp-content\/uploads\/2015\/12\/IMPULSO-ASTRID-SOMMER-500x501.jpg 500w\" sizes=\"(max-width: 501px) 100vw, 501px\" \/><\/span>                <\/a>\n\n                <span class='text_holder'>\n    <span class='text_outer'>\n        <span class='text_inner'>\n            <div class=\"hover_feature_holder_title\">\n                <div class=\"hover_feature_holder_title_inner\">\n                    \n                        \n    <h5 itemprop=\"name\" class=\"portfolio_title entry_title\"><a itemprop=\"url\" href=\"https:\/\/www.stoagallery.com\/en\/portfolio_page\/astrid-sommer-works\/\"  target=\"_self\"> ASTRID SOMMER WORKS<\/a><\/h5>\n\n\n                        \n                            <span class=\"project_category\"  >\n    ASTRID SOMMER WORKS    <\/span>\n\n                                    <\/div>\n            <\/div>\n\n            \n            <span class='feature_holder'>\n                <span class=\"feature_holder_icons\">\n\n                    \n                            <a itemprop='url' class='preview qbutton small white' href='https:\/\/www.stoagallery.com\/en\/portfolio_page\/astrid-sommer-works\/' target='_self'>view<\/i><\/a>\n    \n                                    <\/span>\n            <\/span>\n\n            \n        <\/span>\n    <\/span>\n<\/span>\n            <\/div>\n                    \n    \n<\/article>\n        <div class='filler'><\/div>\n            <div class='filler'><\/div>\n            <div class='filler'><\/div>\n            <div class='filler'><\/div>\n            <div class='filler'><\/div>\n        <\/div>\n\n    \n    <\/div><\/div><\/div><\/div><\/div><\/div><div      class=\"vc_row wpb_row section vc_row-fluid \" style=' text-align:left;'><div class=\" full_section_inner clearfix\"><div class=\"wpb_column vc_column_container vc_col-sm-12\"><div class=\"vc_column-inner\"><div class=\"wpb_wrapper\">\n\t<div class=\"wpb_text_column wpb_content_element \">\n\t\t<div class=\"wpb_wrapper\">\n\t\t\t<div id=\"link64_adl_tabid\" style=\"display: none;\" data-url=\"http:\/\/www.stoagallery.com\/wp-admin\/post-new.php?lang=en&amp;post_type=page&amp;trid=1827&amp;source_lang=es\">16<\/div>\n\n\t\t<\/div> \n\t<\/div> <\/div><\/div><\/div><\/div><\/div>\n<\/div>","protected":false},"excerpt":{"rendered":"&nbsp; 15 50 133","protected":false},"author":1,"featured_media":7706,"parent":0,"menu_order":0,"comment_status":"closed","ping_status":"closed","template":"","meta":{"footnotes":""},"class_list":["post-4024","page","type-page","status-publish","has-post-thumbnail","hentry"],"_links":{"self":[{"href":"https:\/\/www.stoagallery.com\/en\/wp-json\/wp\/v2\/pages\/4024","targetHints":{"allow":["GET"]}}],"collection":[{"href":"https:\/\/www.stoagallery.com\/en\/wp-json\/wp\/v2\/pages"}],"about":[{"href":"https:\/\/www.stoagallery.com\/en\/wp-json\/wp\/v2\/types\/page"}],"author":[{"embeddable":true,"href":"https:\/\/www.stoagallery.com\/en\/wp-json\/wp\/v2\/users\/1"}],"replies":[{"embeddable":true,"href":"https:\/\/www.stoagallery.com\/en\/wp-json\/wp\/v2\/comments?post=4024"}],"version-history":[{"count":22,"href":"https:\/\/www.stoagallery.com\/en\/wp-json\/wp\/v2\/pages\/4024\/revisions"}],"predecessor-version":[{"id":13554,"href":"https:\/\/www.stoagallery.com\/en\/wp-json\/wp\/v2\/pages\/4024\/revisions\/13554"}],"wp:featuredmedia":[{"embeddable":true,"href":"https:\/\/www.stoagallery.com\/en\/wp-json\/wp\/v2\/media\/7706"}],"wp:attachment":[{"href":"https:\/\/www.stoagallery.com\/en\/wp-json\/wp\/v2\/media?parent=4024"}],"curies":[{"name":"wp","href":"https:\/\/api.w.org\/{rel}","templated":true}]}}